{"id":1304,"date":"2024-02-12T10:49:50","date_gmt":"2024-02-12T10:49:50","guid":{"rendered":"https:\/\/atos-methode.de\/?page_id=1304"},"modified":"2024-02-12T11:00:27","modified_gmt":"2024-02-12T11:00:27","slug":"impressum","status":"publish","type":"page","link":"https:\/\/atos-methode.de\/index.php\/impressum\/","title":{"rendered":"Impressum"},"content":{"rendered":"\t\t<div data-elementor-type=\"wp-page\" data-elementor-id=\"1304\" class=\"elementor elementor-1304\">\n\t\t\t\t<div class=\"elementor-element elementor-element-fd355f7 e-flex e-con-boxed e-con e-parent\" data-id=\"fd355f7\" data-element_type=\"container\">\n\t\t\t\t\t<div class=\"e-con-inner\">\n\t\t\t\t\t<\/div>\n\t\t\t\t<\/div>\n\t\t<div class=\"elementor-element elementor-element-7d82280 e-flex e-con-boxed e-con e-parent\" data-id=\"7d82280\" data-element_type=\"container\">\n\t\t\t\t\t<div class=\"e-con-inner\">\n\t\t\t\t<div class=\"elementor-element elementor-element-9a08345 elementor-widget elementor-widget-text-editor\" data-id=\"9a08345\" data-element_type=\"widget\" data-widget_type=\"text-editor.default\">\n\t\t\t\t<div class=\"elementor-widget-container\">\n\t\t\t\t\t\t\t<h1 align=\"left\">\u00a0<\/h1><p align=\"left\">IMPRESSUM<\/p><h6 align=\"left\"><b>Inhaber<\/b><\/h6><h6 align=\"left\"><b>Privatpraxis f\u00fcr Integrative Medizin<br \/><\/b><\/h6><h6 align=\"left\"><b>Dr. med. <\/b><b>Kai Gutzeit<\/b><\/h6><h6>Leunaustr 8, 12047 Berlin<br \/>Tel.: +491713148651<\/h6><h6>Die gesetzliche Berufsbezeichnung von den o.g. Personen lautet Arzt, die Berufsbezeichnung wurde jeweils in der Bundesrepublik Deutschland verliehen.<\/h6><h6><b>Zust\u00e4ndige <\/b><b>Zulassungsbeh\u00f6rde:<\/b><br \/>\u00c4rztekammer Berlin<br \/>Friedrichrstra\u00dfe 16 <br \/>10969 Berlin <br \/>Telefon: +49 30 \/ 40806-0 <br \/>Fax: +49 30 \/ 40806-3499 <br \/><a title=\"mailto:kammer@aekb.de\" href=\"mailto:kammer@aekb.de\">kammer@aekb.de<\/a><\/h6><h6><strong>Berufsbezeichnung:<\/strong><\/h6><h6>Praktischer Arzt (verliehen in dr Bundesrepublik Deutschland)<\/h6><h6><b>Berufsrechtliche Regelungen:<\/b> <br \/>Berufsordnung der Berliner \u00c4rzte und \u00c4rztinnen<br \/>(<a title=\"http:\/\/aerztekammer-berlin.de\/10arzt\/30_Berufsrecht\/06_Rechtsgrundlagen\/index.html\" href=\"http:\/\/aerztekammer-berlin.de\/10arzt\/30_Berufsrecht\/06_Rechtsgrundlagen\/index.html\" target=\"_blank\" rel=\"noopener\">http:\/\/aerztekammer-berlin.de\/10arzt\/30_Berufsrecht\/06_Rechtsgrundlagen\/index.html<\/a>)<\/h6><h6><b>Steuernummer:<\/b><br \/>16 \/ 324 \/ 01212<\/h6><h6><b>Inhaltlich Verantwortliche gem\u00e4\u00df \u00a7 10 Absatz 3 MDStV:<\/b><br \/>Dr. med. Kai Gutzeit<\/h6><h6><b>Design und Realisierung:<\/b><br \/>T. Kuborovich <a href=\"http:\/\/supertdesign.com\">supertdesign.com<\/a> &amp; K. Gutzeit<\/h6><h6><b>Fotos:<\/b><br \/>K. Popadic<\/h6><h6><b>Urheberrecht<\/b><br \/>Alle Inhalte auf <a title=\"http:\/\/www.dr.gutzeit.de\" href=\"http:\/\/www.atos-methode.de\">www.atos-methode.de<\/a> sind urheberrechtlich gesch\u00fctzt. Sie d\u00fcrfen nicht kopiert, vervielf\u00e4ltigt oder anderweitig ver\u00f6ffentlicht werden, es sei denn, dies wurde durch Dr. med. Kai Gutzeit ausdr\u00fccklich und in schriftlicher Form genehmigt. Desgleichen sind Design, Text und Quelltext der Website <a title=\"http:\/\/www.dr-gutzeit.de\" href=\"http:\/\/www.atos-methode.de\">www.atos-methode.de<\/a> urheberrechtlich gesch\u00fctzt und d\u00fcrfen nicht ver\u00e4ndert oder kopiert werden, auch nicht in Teilen.<\/h6><h6><b>Haftungshinweis:<\/b><\/h6><h6>Dr. med. Kai Gutzeit pr\u00fcft und aktualisiert die Informationen auf seinen Webseiten in regelm\u00e4\u00dfigen Abst\u00e4nden. Trotz aller Sorgfalt k\u00f6nnen sich die Daten inzwischen ver\u00e4ndert haben. Eine Haftung oder Gew\u00e4hr f\u00fcr die Aktualit\u00e4t, Richtigkeit und Vollst\u00e4ndigkeit der zur Verf\u00fcgung gestellten Informationen kann daher nicht \u00fcbernommen werden und ist daher, soweit gesetzlich zul\u00e4ssig, ausgeschlossen. Gleiches gilt auch f\u00fcr alle anderen Webseiten, auf die mittels Link verwiesen wird. Dr. med. Kai Gutzeit ist f\u00fcr den Inhalt dieser Webseiten, die aufgrund einer solchen Verkn\u00fcpfung erreicht werden, nicht verantwortlich. Dar\u00fcber hinaus beh\u00e4lt sich Dr. med. Kai Gutzeit das Recht vor, jederzeit \u00c4nderungen oder Erg\u00e4nzungen der bereitgestellten Informationen vorzunehmen. Inhalt und Struktur der Webseiten sind urheberrechtlich gesch\u00fctzt. Jede Vervielf\u00e4ltigung von Informationen oder Daten, insbesondere die Verwendung von Texten und Bildmaterial, bedarf der vorherigen Zustimmung.<\/h6><h6>Weiter wird darauf hingewiesen, dass die Medizin wie jede Wissenschaft st\u00e4ndigen Entwicklungen und Ver\u00e4nderungen unterworfen ist. Forschung und allt\u00e4gliche, praktische Erfahrung in der Behandlung der Patienten erweitern und ver\u00e4ndern unsere Erkenntnisse und Sichtweise, insbesondere bez\u00fcglich Diagnostik sowie Behandlungs- und Therapiemethoden. Soweit auf diesen Webseiten Diagnose- bzw. Therapieformen angesprochen werden, hat Dr. med. Kai Gutzeit gro\u00dfe Sorgfalt darauf verwandt, dass die betreffenden Angaben dem aus Sicht von Dr. med. Kai Gutzeit aktuellen Kenntnisstand entsprechen. Jedoch kann hierf\u00fcr keine Gew\u00e4hr \u00fcbernommen werden.<\/h6><h6>Online-Streitbeilegung gem\u00e4\u00df Art. 14 Abs. 1 ODR-VO:<\/h6><h6>Wir nehmen nicht an einem Streitbeilegungsverfahren vor einer<\/h6><h6>Verbraucherschlichtungsstelle teil. Das Gesetz \u00fcber die alternative<\/h6><h6>Streitbeilegung in Verbrauchersachen fordert aber, dass wir Sie<\/h6><h6>trotzdem auf eine f\u00fcr Sie zust\u00e4ndige Verbraucherschlichtungsstelle<\/h6><h6>hinweisen:<\/h6><h6>Allgemeine Verbraucherschlichtungsstelle des Zentrums f\u00fcr Schlichtung e. V.<\/h6><h6>Stra\u00dfburger Str. 8<\/h6><h6>77694 Kehl<\/h6><h6>Internet:\u00a0<a title=\"http:\/\/www.verbraucher-schlichter.de\/\" href=\"http:\/\/www.verbraucher-schlichter.de\/\">www.verbraucher-schlichter.de<\/a><\/h6>\t\t\t\t\t\t<\/div>\n\t\t\t\t<\/div>\n\t\t\t\t\t<\/div>\n\t\t\t\t<\/div>\n\t\t\t\t<\/div>\n\t\t","protected":false},"excerpt":{"rendered":"<p>\u00a0 IMPRESSUM Inhaber Privatpraxis f\u00fcr Integrative Medizin Dr. med. Kai Gutzeit Leunaustr 8, 12047 BerlinTel.: +491713148651 Die gesetzliche Berufsbezeichnung von [&hellip;]<\/p>\n","protected":false},"author":2,"featured_media":0,"parent":0,"menu_order":0,"comment_status":"closed","ping_status":"closed","template":"elementor_theme","meta":{"site-sidebar-layout":"no-sidebar","site-content-layout":"","ast-site-content-layout":"full-width-container","site-content-style":"default","site-sidebar-style":"default","ast-global-header-display":"","ast-banner-title-visibility":"","ast-main-header-display":"","ast-hfb-above-header-display":"","ast-hfb-below-header-display":"","ast-hfb-mobile-header-display":"","site-post-title":"disabled","ast-breadcrumbs-content":"","ast-featured-img":"disabled","footer-sml-layout":"","theme-transparent-header-meta":"","adv-header-id-meta":"","stick-header-meta":"","header-above-stick-meta":"","header-main-stick-meta":"","header-below-stick-meta":"","astra-migrate-meta-layouts":"default","ast-page-background-enabled":"default","ast-page-background-meta":{"desktop":{"background-color":"var(--ast-global-color-4)","background-image":"","background-repeat":"repeat","background-position":"center center","background-size":"auto","background-attachment":"scroll","background-type":"","background-media":"","overlay-type":"","overlay-color":"","overlay-opacity":"","overlay-gradient":""},"tablet":{"background-color":"","background-image":"","background-repeat":"repeat","background-position":"center center","background-size":"auto","background-attachment":"scroll","background-type":"","background-media":"","overlay-type":"","overlay-color":"","overlay-opacity":"","overlay-gradient":""},"mobile":{"background-color":"","background-image":"","background-repeat":"repeat","background-position":"center center","background-size":"auto","background-attachment":"scroll","background-type":"","background-media":"","overlay-type":"","overlay-color":"","overlay-opacity":"","overlay-gradient":""}},"ast-content-background-meta":{"desktop":{"background-color":"var(--ast-global-color-5)","background-image":"","background-repeat":"repeat","background-position":"center center","background-size":"auto","background-attachment":"scroll","background-type":"","background-media":"","overlay-type":"","overlay-color":"","overlay-opacity":"","overlay-gradient":""},"tablet":{"background-color":"var(--ast-global-color-5)","background-image":"","background-repeat":"repeat","background-position":"center center","background-size":"auto","background-attachment":"scroll","background-type":"","background-media":"","overlay-type":"","overlay-color":"","overlay-opacity":"","overlay-gradient":""},"mobile":{"background-color":"var(--ast-global-color-5)","background-image":"","background-repeat":"repeat","background-position":"center center","background-size":"auto","background-attachment":"scroll","background-type":"","background-media":"","overlay-type":"","overlay-color":"","overlay-opacity":"","overlay-gradient":""}},"footnotes":""},"class_list":["post-1304","page","type-page","status-publish","hentry"],"yoast_head":"<!-- This site is optimized with the Yoast SEO plugin v23.7 - https:\/\/yoast.com\/wordpress\/plugins\/seo\/ -->\n<title>Impressum - ATOS<\/title>\n<meta name=\"description\" content=\"ATOS METHODE - Sie besteht aus 6 kurzen mentalen \u00dcbungen, welche die Nervenzellen der Hirnrinde aktivieren und harmonisieren. Dies bewirkt, dass sich k\u00f6rperliche als auch geistige Prozesse ausgleichen k\u00f6nnen, was kurzfristig als auch langfristig positive Effekte erzeugt.\" \/>\n<meta name=\"robots\" content=\"index, follow, max-snippet:-1, max-image-preview:large, max-video-preview:-1\" \/>\n<link rel=\"canonical\" href=\"https:\/\/atos-methode.de\/index.php\/impressum\/\" \/>\n<meta property=\"og:locale\" content=\"en_US\" \/>\n<meta property=\"og:type\" content=\"article\" \/>\n<meta property=\"og:title\" content=\"Impressum - ATOS\" \/>\n<meta property=\"og:description\" content=\"ATOS METHODE - Sie besteht aus 6 kurzen mentalen \u00dcbungen, welche die Nervenzellen der Hirnrinde aktivieren und harmonisieren. Dies bewirkt, dass sich k\u00f6rperliche als auch geistige Prozesse ausgleichen k\u00f6nnen, was kurzfristig als auch langfristig positive Effekte erzeugt.\" \/>\n<meta property=\"og:url\" content=\"https:\/\/atos-methode.de\/index.php\/impressum\/\" \/>\n<meta property=\"og:site_name\" content=\"ATOS\" \/>\n<meta property=\"article:modified_time\" content=\"2024-02-12T11:00:27+00:00\" \/>\n<meta name=\"twitter:card\" content=\"summary_large_image\" \/>\n<meta name=\"twitter:label1\" content=\"Est. reading time\" \/>\n\t<meta name=\"twitter:data1\" content=\"2 minutes\" \/>\n<script type=\"application\/ld+json\" class=\"yoast-schema-graph\">{\"@context\":\"https:\/\/schema.org\",\"@graph\":[{\"@type\":\"WebPage\",\"@id\":\"https:\/\/atos-methode.de\/index.php\/impressum\/\",\"url\":\"https:\/\/atos-methode.de\/index.php\/impressum\/\",\"name\":\"Impressum - ATOS\",\"isPartOf\":{\"@id\":\"https:\/\/atos-methode.de\/#website\"},\"datePublished\":\"2024-02-12T10:49:50+00:00\",\"dateModified\":\"2024-02-12T11:00:27+00:00\",\"description\":\"ATOS METHODE - Sie besteht aus 6 kurzen mentalen \u00dcbungen, welche die Nervenzellen der Hirnrinde aktivieren und harmonisieren. Dies bewirkt, dass sich k\u00f6rperliche als auch geistige Prozesse ausgleichen k\u00f6nnen, was kurzfristig als auch langfristig positive Effekte erzeugt.\",\"breadcrumb\":{\"@id\":\"https:\/\/atos-methode.de\/index.php\/impressum\/#breadcrumb\"},\"inLanguage\":\"en-US\",\"potentialAction\":[{\"@type\":\"ReadAction\",\"target\":[\"https:\/\/atos-methode.de\/index.php\/impressum\/\"]}]},{\"@type\":\"BreadcrumbList\",\"@id\":\"https:\/\/atos-methode.de\/index.php\/impressum\/#breadcrumb\",\"itemListElement\":[{\"@type\":\"ListItem\",\"position\":1,\"name\":\"Home\",\"item\":\"https:\/\/atos-methode.de\/\"},{\"@type\":\"ListItem\",\"position\":2,\"name\":\"Impressum\"}]},{\"@type\":\"WebSite\",\"@id\":\"https:\/\/atos-methode.de\/#website\",\"url\":\"https:\/\/atos-methode.de\/\",\"name\":\"ATOS\",\"description\":\"\",\"publisher\":{\"@id\":\"https:\/\/atos-methode.de\/#organization\"},\"potentialAction\":[{\"@type\":\"SearchAction\",\"target\":{\"@type\":\"EntryPoint\",\"urlTemplate\":\"https:\/\/atos-methode.de\/?s={search_term_string}\"},\"query-input\":{\"@type\":\"PropertyValueSpecification\",\"valueRequired\":true,\"valueName\":\"search_term_string\"}}],\"inLanguage\":\"en-US\"},{\"@type\":\"Organization\",\"@id\":\"https:\/\/atos-methode.de\/#organization\",\"name\":\"ATOS\",\"url\":\"https:\/\/atos-methode.de\/\",\"logo\":{\"@type\":\"ImageObject\",\"inLanguage\":\"en-US\",\"@id\":\"https:\/\/atos-methode.de\/#\/schema\/logo\/image\/\",\"url\":\"https:\/\/atos-methode.de\/wp-content\/uploads\/2024\/02\/ATOS-logo-MAIN-without-text-no-background.gif\",\"contentUrl\":\"https:\/\/atos-methode.de\/wp-content\/uploads\/2024\/02\/ATOS-logo-MAIN-without-text-no-background.gif\",\"width\":458,\"height\":595,\"caption\":\"ATOS\"},\"image\":{\"@id\":\"https:\/\/atos-methode.de\/#\/schema\/logo\/image\/\"}}]}<\/script>\n<!-- \/ Yoast SEO plugin. -->","yoast_head_json":{"title":"Impressum - ATOS","description":"ATOS METHODE - Sie besteht aus 6 kurzen mentalen \u00dcbungen, welche die Nervenzellen der Hirnrinde aktivieren und harmonisieren. Dies bewirkt, dass sich k\u00f6rperliche als auch geistige Prozesse ausgleichen k\u00f6nnen, was kurzfristig als auch langfristig positive Effekte erzeugt.","robots":{"index":"index","follow":"follow","max-snippet":"max-snippet:-1","max-image-preview":"max-image-preview:large","max-video-preview":"max-video-preview:-1"},"canonical":"https:\/\/atos-methode.de\/index.php\/impressum\/","og_locale":"en_US","og_type":"article","og_title":"Impressum - ATOS","og_description":"ATOS METHODE - Sie besteht aus 6 kurzen mentalen \u00dcbungen, welche die Nervenzellen der Hirnrinde aktivieren und harmonisieren. Dies bewirkt, dass sich k\u00f6rperliche als auch geistige Prozesse ausgleichen k\u00f6nnen, was kurzfristig als auch langfristig positive Effekte erzeugt.","og_url":"https:\/\/atos-methode.de\/index.php\/impressum\/","og_site_name":"ATOS","article_modified_time":"2024-02-12T11:00:27+00:00","twitter_card":"summary_large_image","twitter_misc":{"Est. reading time":"2 minutes"},"schema":{"@context":"https:\/\/schema.org","@graph":[{"@type":"WebPage","@id":"https:\/\/atos-methode.de\/index.php\/impressum\/","url":"https:\/\/atos-methode.de\/index.php\/impressum\/","name":"Impressum - ATOS","isPartOf":{"@id":"https:\/\/atos-methode.de\/#website"},"datePublished":"2024-02-12T10:49:50+00:00","dateModified":"2024-02-12T11:00:27+00:00","description":"ATOS METHODE - Sie besteht aus 6 kurzen mentalen \u00dcbungen, welche die Nervenzellen der Hirnrinde aktivieren und harmonisieren. Dies bewirkt, dass sich k\u00f6rperliche als auch geistige Prozesse ausgleichen k\u00f6nnen, was kurzfristig als auch langfristig positive Effekte erzeugt.","breadcrumb":{"@id":"https:\/\/atos-methode.de\/index.php\/impressum\/#breadcrumb"},"inLanguage":"en-US","potentialAction":[{"@type":"ReadAction","target":["https:\/\/atos-methode.de\/index.php\/impressum\/"]}]},{"@type":"BreadcrumbList","@id":"https:\/\/atos-methode.de\/index.php\/impressum\/#breadcrumb","itemListElement":[{"@type":"ListItem","position":1,"name":"Home","item":"https:\/\/atos-methode.de\/"},{"@type":"ListItem","position":2,"name":"Impressum"}]},{"@type":"WebSite","@id":"https:\/\/atos-methode.de\/#website","url":"https:\/\/atos-methode.de\/","name":"ATOS","description":"","publisher":{"@id":"https:\/\/atos-methode.de\/#organization"},"potentialAction":[{"@type":"SearchAction","target":{"@type":"EntryPoint","urlTemplate":"https:\/\/atos-methode.de\/?s={search_term_string}"},"query-input":{"@type":"PropertyValueSpecification","valueRequired":true,"valueName":"search_term_string"}}],"inLanguage":"en-US"},{"@type":"Organization","@id":"https:\/\/atos-methode.de\/#organization","name":"ATOS","url":"https:\/\/atos-methode.de\/","logo":{"@type":"ImageObject","inLanguage":"en-US","@id":"https:\/\/atos-methode.de\/#\/schema\/logo\/image\/","url":"https:\/\/atos-methode.de\/wp-content\/uploads\/2024\/02\/ATOS-logo-MAIN-without-text-no-background.gif","contentUrl":"https:\/\/atos-methode.de\/wp-content\/uploads\/2024\/02\/ATOS-logo-MAIN-without-text-no-background.gif","width":458,"height":595,"caption":"ATOS"},"image":{"@id":"https:\/\/atos-methode.de\/#\/schema\/logo\/image\/"}}]}},"_links":{"self":[{"href":"https:\/\/atos-methode.de\/index.php\/wp-json\/wp\/v2\/pages\/1304"}],"collection":[{"href":"https:\/\/atos-methode.de\/index.php\/wp-json\/wp\/v2\/pages"}],"about":[{"href":"https:\/\/atos-methode.de\/index.php\/wp-json\/wp\/v2\/types\/page"}],"author":[{"embeddable":true,"href":"https:\/\/atos-methode.de\/index.php\/wp-json\/wp\/v2\/users\/2"}],"replies":[{"embeddable":true,"href":"https:\/\/atos-methode.de\/index.php\/wp-json\/wp\/v2\/comments?post=1304"}],"version-history":[{"count":4,"href":"https:\/\/atos-methode.de\/index.php\/wp-json\/wp\/v2\/pages\/1304\/revisions"}],"predecessor-version":[{"id":1309,"href":"https:\/\/atos-methode.de\/index.php\/wp-json\/wp\/v2\/pages\/1304\/revisions\/1309"}],"wp:attachment":[{"href":"https:\/\/atos-methode.de\/index.php\/wp-json\/wp\/v2\/media?parent=1304"}],"curies":[{"name":"wp","href":"https:\/\/api.w.org\/{rel}","templated":true}]}}