{"id":1219,"date":"2024-02-10T21:44:07","date_gmt":"2024-02-10T21:44:07","guid":{"rendered":"https:\/\/atos-methode.de\/?page_id=1219"},"modified":"2024-03-07T12:56:28","modified_gmt":"2024-03-07T12:56:28","slug":"atos-methode","status":"publish","type":"page","link":"https:\/\/atos-methode.de\/","title":{"rendered":"Landing Page"},"content":{"rendered":"\t\t<div data-elementor-type=\"wp-page\" data-elementor-id=\"1219\" class=\"elementor elementor-1219\">\n\t\t\t\t<div class=\"elementor-element elementor-element-5b84843 e-flex e-con-boxed e-con e-parent\" data-id=\"5b84843\" data-element_type=\"container\">\n\t\t\t\t\t<div class=\"e-con-inner\">\n\t\t\t\t<div class=\"elementor-element elementor-element-82220bf elementor-widget elementor-widget-image\" data-id=\"82220bf\" data-element_type=\"widget\" data-widget_type=\"image.default\">\n\t\t\t\t<div class=\"elementor-widget-container\">\n\t\t\t\t\t\t\t\t\t\t\t\t\t<img fetchpriority=\"high\" decoding=\"async\" width=\"458\" height=\"595\" src=\"https:\/\/atos-methode.de\/wp-content\/uploads\/2024\/02\/ATOS-logo-MAIN-without-text-no-background-50x65.gif\" class=\"attachment-large size-large wp-image-946\" alt=\"\" srcset=\"https:\/\/atos-methode.de\/wp-content\/uploads\/2024\/02\/ATOS-logo-MAIN-without-text-no-background.gif\" \/>\t\t\t\t\t\t\t\t\t\t\t\t\t<\/div>\n\t\t\t\t<\/div>\n\t\t\t\t\t<\/div>\n\t\t\t\t<\/div>\n\t\t<div class=\"elementor-element elementor-element-fd355f7 e-flex e-con-boxed e-con e-parent\" data-id=\"fd355f7\" data-element_type=\"container\">\n\t\t\t\t\t<div class=\"e-con-inner\">\n\t\t\t\t<div class=\"elementor-element elementor-element-a2a6512 elementor-widget elementor-widget-text-editor\" data-id=\"a2a6512\" data-element_type=\"widget\" data-widget_type=\"text-editor.default\">\n\t\t\t\t<div class=\"elementor-widget-container\">\n\t\t\t\t\t\t\t<h1>ATOS<\/h1>\t\t\t\t\t\t<\/div>\n\t\t\t\t<\/div>\n\t\t\t\t\t<\/div>\n\t\t\t\t<\/div>\n\t\t<div class=\"elementor-element elementor-element-6e8d9d8 e-flex e-con-boxed e-con e-parent\" data-id=\"6e8d9d8\" data-element_type=\"container\">\n\t\t\t\t\t<div class=\"e-con-inner\">\n\t\t<div class=\"elementor-element elementor-element-14952ca e-flex e-con-boxed e-con e-child\" data-id=\"14952ca\" data-element_type=\"container\">\n\t\t\t\t\t<div class=\"e-con-inner\">\n\t\t<div class=\"elementor-element elementor-element-abedd9a e-con-full e-flex e-con e-child\" data-id=\"abedd9a\" data-element_type=\"container\">\n\t\t\t\t<div class=\"elementor-element elementor-element-ae51495 elementor-widget elementor-widget-text-editor\" data-id=\"ae51495\" data-element_type=\"widget\" data-widget_type=\"text-editor.default\">\n\t\t\t\t<div class=\"elementor-widget-container\">\n\t\t\t\t\t\t\t<h1><a href=\"https:\/\/atos-methode.de\/index.php\/english\/\"><strong>METHOD<\/strong><\/a><\/h1><h1><strong><a href=\"https:\/\/atos-methode.de\/index.php\/english\/\"><img decoding=\"async\" class=\"alignnone wp-image-1172\" src=\"https:\/\/atos-methode.de\/wp-content\/uploads\/2024\/02\/UK-Flag.png\" alt=\"\" width=\"88\" height=\"43\" \/><\/a><\/strong><\/h1>\t\t\t\t\t\t<\/div>\n\t\t\t\t<\/div>\n\t\t\t\t<\/div>\n\t\t<div class=\"elementor-element elementor-element-8f4ca77 e-con-full e-flex e-con e-child\" data-id=\"8f4ca77\" data-element_type=\"container\">\n\t\t\t\t<div class=\"elementor-element elementor-element-7a7760b elementor-widget elementor-widget-text-editor\" data-id=\"7a7760b\" data-element_type=\"widget\" data-widget_type=\"text-editor.default\">\n\t\t\t\t<div class=\"elementor-widget-container\">\n\t\t\t\t\t\t\t<h1><a href=\"https:\/\/atos-methode.de\/index.php\/serbian\"><strong>METOD<\/strong><\/a><\/h1><h1><strong><a href=\"https:\/\/atos-methode.de\/index.php\/serbian\"><img decoding=\"async\" class=\"alignnone wp-image-1171\" src=\"https:\/\/atos-methode.de\/wp-content\/uploads\/2024\/02\/SRBIA-Flag-.png\" alt=\"\" width=\"73\" height=\"48\" \/><\/a><\/strong><\/h1>\t\t\t\t\t\t<\/div>\n\t\t\t\t<\/div>\n\t\t\t\t<\/div>\n\t\t<div class=\"elementor-element elementor-element-3f1bef9 e-con-full e-flex e-con e-child\" data-id=\"3f1bef9\" data-element_type=\"container\">\n\t\t\t\t<div class=\"elementor-element elementor-element-f0aac7c elementor-widget elementor-widget-text-editor\" data-id=\"f0aac7c\" data-element_type=\"widget\" data-widget_type=\"text-editor.default\">\n\t\t\t\t<div class=\"elementor-widget-container\">\n\t\t\t\t\t\t\t<h1><a href=\"https:\/\/atos-methode.de\/index.php\/deutsch\/\"><strong>METHODE<\/strong><\/a><\/h1><h1><strong><a href=\"https:\/\/atos-methode.de\/index.php\/deutsch\/\"><img loading=\"lazy\" decoding=\"async\" class=\"alignnone wp-image-1173\" src=\"https:\/\/atos-methode.de\/wp-content\/uploads\/2024\/02\/Deutsche-Flagge.png\" alt=\"\" width=\"76\" height=\"47\" \/><\/a><\/strong><\/h1>\t\t\t\t\t\t<\/div>\n\t\t\t\t<\/div>\n\t\t\t\t<\/div>\n\t\t\t\t\t<\/div>\n\t\t\t\t<\/div>\n\t\t\t\t\t<\/div>\n\t\t\t\t<\/div>\n\t\t<div class=\"elementor-element elementor-element-7d82280 e-flex e-con-boxed e-con e-parent\" data-id=\"7d82280\" data-element_type=\"container\">\n\t\t\t\t\t<div class=\"e-con-inner\">\n\t\t\t\t\t<\/div>\n\t\t\t\t<\/div>\n\t\t\t\t<\/div>\n\t\t","protected":false},"excerpt":{"rendered":"<p>ATOS METHOD METOD METHODE<\/p>\n","protected":false},"author":2,"featured_media":0,"parent":0,"menu_order":0,"comment_status":"closed","ping_status":"closed","template":"elementor_theme","meta":{"site-sidebar-layout":"no-sidebar","site-content-layout":"","ast-site-content-layout":"full-width-container","site-content-style":"default","site-sidebar-style":"default","ast-global-header-display":"","ast-banner-title-visibility":"","ast-main-header-display":"","ast-hfb-above-header-display":"","ast-hfb-below-header-display":"","ast-hfb-mobile-header-display":"","site-post-title":"disabled","ast-breadcrumbs-content":"","ast-featured-img":"disabled","footer-sml-layout":"","theme-transparent-header-meta":"","adv-header-id-meta":"","stick-header-meta":"","header-above-stick-meta":"","header-main-stick-meta":"","header-below-stick-meta":"","astra-migrate-meta-layouts":"default","ast-page-background-enabled":"default","ast-page-background-meta":{"desktop":{"background-color":"var(--ast-global-color-4)","background-image":"","background-repeat":"repeat","background-position":"center center","background-size":"auto","background-attachment":"scroll","background-type":"","background-media":"","overlay-type":"","overlay-color":"","overlay-opacity":"","overlay-gradient":""},"tablet":{"background-color":"","background-image":"","background-repeat":"repeat","background-position":"center center","background-size":"auto","background-attachment":"scroll","background-type":"","background-media":"","overlay-type":"","overlay-color":"","overlay-opacity":"","overlay-gradient":""},"mobile":{"background-color":"","background-image":"","background-repeat":"repeat","background-position":"center center","background-size":"auto","background-attachment":"scroll","background-type":"","background-media":"","overlay-type":"","overlay-color":"","overlay-opacity":"","overlay-gradient":""}},"ast-content-background-meta":{"desktop":{"background-color":"var(--ast-global-color-5)","background-image":"","background-repeat":"repeat","background-position":"center center","background-size":"auto","background-attachment":"scroll","background-type":"","background-media":"","overlay-type":"","overlay-color":"","overlay-opacity":"","overlay-gradient":""},"tablet":{"background-color":"var(--ast-global-color-5)","background-image":"","background-repeat":"repeat","background-position":"center center","background-size":"auto","background-attachment":"scroll","background-type":"","background-media":"","overlay-type":"","overlay-color":"","overlay-opacity":"","overlay-gradient":""},"mobile":{"background-color":"var(--ast-global-color-5)","background-image":"","background-repeat":"repeat","background-position":"center center","background-size":"auto","background-attachment":"scroll","background-type":"","background-media":"","overlay-type":"","overlay-color":"","overlay-opacity":"","overlay-gradient":""}},"footnotes":""},"class_list":["post-1219","page","type-page","status-publish","hentry"],"yoast_head":"<!-- This site is optimized with the Yoast SEO plugin v23.7 - https:\/\/yoast.com\/wordpress\/plugins\/seo\/ -->\n<title>ATOS METHODE<\/title>\n<meta name=\"description\" content=\"ATOS METHODE - Sie besteht aus 6 kurzen mentalen \u00dcbungen, welche die Nervenzellen der Hirnrinde aktivieren und harmonisieren. Dies bewirkt, dass sich k\u00f6rperliche als auch geistige Prozesse ausgleichen k\u00f6nnen, was kurzfristig als auch langfristig positive Effekte erzeugt. Entwickelt wurde die ATOS Methode von Prof. Milenko Vlajkov\" \/>\n<meta name=\"robots\" content=\"index, follow, max-snippet:-1, max-image-preview:large, max-video-preview:-1\" \/>\n<link rel=\"canonical\" href=\"https:\/\/atos-methode.de\/\" \/>\n<meta property=\"og:locale\" content=\"en_US\" \/>\n<meta property=\"og:type\" content=\"article\" \/>\n<meta property=\"og:title\" content=\"ATOS METHODE\" \/>\n<meta property=\"og:description\" content=\"ATOS METHODE - Sie besteht aus 6 kurzen mentalen \u00dcbungen, welche die Nervenzellen der Hirnrinde aktivieren und harmonisieren. Dies bewirkt, dass sich k\u00f6rperliche als auch geistige Prozesse ausgleichen k\u00f6nnen, was kurzfristig als auch langfristig positive Effekte erzeugt. Entwickelt wurde die ATOS Methode von Prof. Milenko Vlajkov\" \/>\n<meta property=\"og:url\" content=\"https:\/\/atos-methode.de\/\" \/>\n<meta property=\"og:site_name\" content=\"ATOS\" \/>\n<meta property=\"article:modified_time\" content=\"2024-03-07T12:56:28+00:00\" \/>\n<meta property=\"og:image\" content=\"https:\/\/atos-methode.de\/wp-content\/uploads\/2024\/02\/ATOS-logo-MAIN-without-text-no-background-50x65.gif\" \/>\n<meta name=\"twitter:card\" content=\"summary_large_image\" \/>\n<meta name=\"twitter:label1\" content=\"Est. reading time\" \/>\n\t<meta name=\"twitter:data1\" content=\"1 minute\" \/>\n<script type=\"application\/ld+json\" class=\"yoast-schema-graph\">{\"@context\":\"https:\/\/schema.org\",\"@graph\":[{\"@type\":\"WebPage\",\"@id\":\"https:\/\/atos-methode.de\/\",\"url\":\"https:\/\/atos-methode.de\/\",\"name\":\"ATOS METHODE\",\"isPartOf\":{\"@id\":\"https:\/\/atos-methode.de\/#website\"},\"primaryImageOfPage\":{\"@id\":\"https:\/\/atos-methode.de\/#primaryimage\"},\"image\":{\"@id\":\"https:\/\/atos-methode.de\/#primaryimage\"},\"thumbnailUrl\":\"https:\/\/atos-methode.de\/wp-content\/uploads\/2024\/02\/ATOS-logo-MAIN-without-text-no-background-50x65.gif\",\"datePublished\":\"2024-02-10T21:44:07+00:00\",\"dateModified\":\"2024-03-07T12:56:28+00:00\",\"description\":\"ATOS METHODE - Sie besteht aus 6 kurzen mentalen \u00dcbungen, welche die Nervenzellen der Hirnrinde aktivieren und harmonisieren. Dies bewirkt, dass sich k\u00f6rperliche als auch geistige Prozesse ausgleichen k\u00f6nnen, was kurzfristig als auch langfristig positive Effekte erzeugt. Entwickelt wurde die ATOS Methode von Prof. Milenko Vlajkov\",\"breadcrumb\":{\"@id\":\"https:\/\/atos-methode.de\/#breadcrumb\"},\"inLanguage\":\"en-US\",\"potentialAction\":[{\"@type\":\"ReadAction\",\"target\":[\"https:\/\/atos-methode.de\/\"]}]},{\"@type\":\"ImageObject\",\"inLanguage\":\"en-US\",\"@id\":\"https:\/\/atos-methode.de\/#primaryimage\",\"url\":\"https:\/\/atos-methode.de\/wp-content\/uploads\/2024\/02\/ATOS-logo-MAIN-without-text-no-background.gif\",\"contentUrl\":\"https:\/\/atos-methode.de\/wp-content\/uploads\/2024\/02\/ATOS-logo-MAIN-without-text-no-background.gif\",\"width\":458,\"height\":595},{\"@type\":\"BreadcrumbList\",\"@id\":\"https:\/\/atos-methode.de\/#breadcrumb\",\"itemListElement\":[{\"@type\":\"ListItem\",\"position\":1,\"name\":\"Home\",\"item\":\"https:\/\/atos-methode.de\/\"},{\"@type\":\"ListItem\",\"position\":2,\"name\":\"Landing Page\"}]},{\"@type\":\"WebSite\",\"@id\":\"https:\/\/atos-methode.de\/#website\",\"url\":\"https:\/\/atos-methode.de\/\",\"name\":\"ATOS\",\"description\":\"\",\"publisher\":{\"@id\":\"https:\/\/atos-methode.de\/#organization\"},\"potentialAction\":[{\"@type\":\"SearchAction\",\"target\":{\"@type\":\"EntryPoint\",\"urlTemplate\":\"https:\/\/atos-methode.de\/?s={search_term_string}\"},\"query-input\":{\"@type\":\"PropertyValueSpecification\",\"valueRequired\":true,\"valueName\":\"search_term_string\"}}],\"inLanguage\":\"en-US\"},{\"@type\":\"Organization\",\"@id\":\"https:\/\/atos-methode.de\/#organization\",\"name\":\"ATOS\",\"url\":\"https:\/\/atos-methode.de\/\",\"logo\":{\"@type\":\"ImageObject\",\"inLanguage\":\"en-US\",\"@id\":\"https:\/\/atos-methode.de\/#\/schema\/logo\/image\/\",\"url\":\"https:\/\/atos-methode.de\/wp-content\/uploads\/2024\/02\/ATOS-logo-MAIN-without-text-no-background.gif\",\"contentUrl\":\"https:\/\/atos-methode.de\/wp-content\/uploads\/2024\/02\/ATOS-logo-MAIN-without-text-no-background.gif\",\"width\":458,\"height\":595,\"caption\":\"ATOS\"},\"image\":{\"@id\":\"https:\/\/atos-methode.de\/#\/schema\/logo\/image\/\"}}]}<\/script>\n<!-- \/ Yoast SEO plugin. -->","yoast_head_json":{"title":"ATOS METHODE","description":"ATOS METHODE - Sie besteht aus 6 kurzen mentalen \u00dcbungen, welche die Nervenzellen der Hirnrinde aktivieren und harmonisieren. Dies bewirkt, dass sich k\u00f6rperliche als auch geistige Prozesse ausgleichen k\u00f6nnen, was kurzfristig als auch langfristig positive Effekte erzeugt. Entwickelt wurde die ATOS Methode von Prof. Milenko Vlajkov","robots":{"index":"index","follow":"follow","max-snippet":"max-snippet:-1","max-image-preview":"max-image-preview:large","max-video-preview":"max-video-preview:-1"},"canonical":"https:\/\/atos-methode.de\/","og_locale":"en_US","og_type":"article","og_title":"ATOS METHODE","og_description":"ATOS METHODE - Sie besteht aus 6 kurzen mentalen \u00dcbungen, welche die Nervenzellen der Hirnrinde aktivieren und harmonisieren. Dies bewirkt, dass sich k\u00f6rperliche als auch geistige Prozesse ausgleichen k\u00f6nnen, was kurzfristig als auch langfristig positive Effekte erzeugt. Entwickelt wurde die ATOS Methode von Prof. Milenko Vlajkov","og_url":"https:\/\/atos-methode.de\/","og_site_name":"ATOS","article_modified_time":"2024-03-07T12:56:28+00:00","og_image":[{"url":"https:\/\/atos-methode.de\/wp-content\/uploads\/2024\/02\/ATOS-logo-MAIN-without-text-no-background-50x65.gif"}],"twitter_card":"summary_large_image","twitter_misc":{"Est. reading time":"1 minute"},"schema":{"@context":"https:\/\/schema.org","@graph":[{"@type":"WebPage","@id":"https:\/\/atos-methode.de\/","url":"https:\/\/atos-methode.de\/","name":"ATOS METHODE","isPartOf":{"@id":"https:\/\/atos-methode.de\/#website"},"primaryImageOfPage":{"@id":"https:\/\/atos-methode.de\/#primaryimage"},"image":{"@id":"https:\/\/atos-methode.de\/#primaryimage"},"thumbnailUrl":"https:\/\/atos-methode.de\/wp-content\/uploads\/2024\/02\/ATOS-logo-MAIN-without-text-no-background-50x65.gif","datePublished":"2024-02-10T21:44:07+00:00","dateModified":"2024-03-07T12:56:28+00:00","description":"ATOS METHODE - Sie besteht aus 6 kurzen mentalen \u00dcbungen, welche die Nervenzellen der Hirnrinde aktivieren und harmonisieren. Dies bewirkt, dass sich k\u00f6rperliche als auch geistige Prozesse ausgleichen k\u00f6nnen, was kurzfristig als auch langfristig positive Effekte erzeugt. Entwickelt wurde die ATOS Methode von Prof. Milenko Vlajkov","breadcrumb":{"@id":"https:\/\/atos-methode.de\/#breadcrumb"},"inLanguage":"en-US","potentialAction":[{"@type":"ReadAction","target":["https:\/\/atos-methode.de\/"]}]},{"@type":"ImageObject","inLanguage":"en-US","@id":"https:\/\/atos-methode.de\/#primaryimage","url":"https:\/\/atos-methode.de\/wp-content\/uploads\/2024\/02\/ATOS-logo-MAIN-without-text-no-background.gif","contentUrl":"https:\/\/atos-methode.de\/wp-content\/uploads\/2024\/02\/ATOS-logo-MAIN-without-text-no-background.gif","width":458,"height":595},{"@type":"BreadcrumbList","@id":"https:\/\/atos-methode.de\/#breadcrumb","itemListElement":[{"@type":"ListItem","position":1,"name":"Home","item":"https:\/\/atos-methode.de\/"},{"@type":"ListItem","position":2,"name":"Landing Page"}]},{"@type":"WebSite","@id":"https:\/\/atos-methode.de\/#website","url":"https:\/\/atos-methode.de\/","name":"ATOS","description":"","publisher":{"@id":"https:\/\/atos-methode.de\/#organization"},"potentialAction":[{"@type":"SearchAction","target":{"@type":"EntryPoint","urlTemplate":"https:\/\/atos-methode.de\/?s={search_term_string}"},"query-input":{"@type":"PropertyValueSpecification","valueRequired":true,"valueName":"search_term_string"}}],"inLanguage":"en-US"},{"@type":"Organization","@id":"https:\/\/atos-methode.de\/#organization","name":"ATOS","url":"https:\/\/atos-methode.de\/","logo":{"@type":"ImageObject","inLanguage":"en-US","@id":"https:\/\/atos-methode.de\/#\/schema\/logo\/image\/","url":"https:\/\/atos-methode.de\/wp-content\/uploads\/2024\/02\/ATOS-logo-MAIN-without-text-no-background.gif","contentUrl":"https:\/\/atos-methode.de\/wp-content\/uploads\/2024\/02\/ATOS-logo-MAIN-without-text-no-background.gif","width":458,"height":595,"caption":"ATOS"},"image":{"@id":"https:\/\/atos-methode.de\/#\/schema\/logo\/image\/"}}]}},"_links":{"self":[{"href":"https:\/\/atos-methode.de\/index.php\/wp-json\/wp\/v2\/pages\/1219"}],"collection":[{"href":"https:\/\/atos-methode.de\/index.php\/wp-json\/wp\/v2\/pages"}],"about":[{"href":"https:\/\/atos-methode.de\/index.php\/wp-json\/wp\/v2\/types\/page"}],"author":[{"embeddable":true,"href":"https:\/\/atos-methode.de\/index.php\/wp-json\/wp\/v2\/users\/2"}],"replies":[{"embeddable":true,"href":"https:\/\/atos-methode.de\/index.php\/wp-json\/wp\/v2\/comments?post=1219"}],"version-history":[{"count":22,"href":"https:\/\/atos-methode.de\/index.php\/wp-json\/wp\/v2\/pages\/1219\/revisions"}],"predecessor-version":[{"id":1270,"href":"https:\/\/atos-methode.de\/index.php\/wp-json\/wp\/v2\/pages\/1219\/revisions\/1270"}],"wp:attachment":[{"href":"https:\/\/atos-methode.de\/index.php\/wp-json\/wp\/v2\/media?parent=1219"}],"curies":[{"name":"wp","href":"https:\/\/api.w.org\/{rel}","templated":true}]}}